{"id":4013,"date":"2016-11-28T06:50:12","date_gmt":"2016-11-28T06:50:12","guid":{"rendered":"http:\/\/klvina.com\/?page_id=4013"},"modified":"2021-05-07T07:38:19","modified_gmt":"2021-05-07T07:38:19","slug":"tuyen-dung","status":"publish","type":"page","link":"https:\/\/klvina.com\/ko\/tuyen-dung.html","title":{"rendered":"Tuy"},"content":{"rendered":"<p class=\"qtranxs-available-languages-message qtranxs-available-languages-message-ko\">R\u1ea5t ti\u1ebfc, m\u1ee5c n\u00e0y ch\u1ec9 t\u1ed3n t\u1ea1i \u1edf <a href=\"https:\/\/klvina.com\/vi\/wp-json\/wp\/v2\/pages\/4013\" class=\"qtranxs-available-language-link qtranxs-available-language-link-vi\" title=\"Ti\u1ebfng Vi\u1ec7t\">\ubca0\ud2b8\ub0a8\uc5b4<\/a>.<\/p>","protected":false},"excerpt":{"rendered":"<p>R\u1ea5t ti\u1ebfc, m\u1ee5c n\u00e0y ch\u1ec9 t\u1ed3n t\u1ea1i \u1edf \ubca0\ud2b8\ub0a8\uc5b4.<\/p>\n","protected":false},"author":1,"featured_media":0,"parent":0,"menu_order":0,"comment_status":"closed","ping_status":"closed","template":"","meta":[],"yoast_head":"<!-- This site is optimized with the Yoast SEO plugin v19.10 - https:\/\/yoast.com\/wordpress\/plugins\/seo\/ -->\n<title>Tuy - Klvina<\/title>\n<meta name=\"description\" content=\"Ch\u1ee9c danh chuy\u00ean m\u00f4n: Nh\u00e2n vi\u00ean mua h\u00e0ng H\u00ecnh th\u1ee9c l\u00e0m vi\u1ec7c: to\u00e0n th\u1eddi gian c\u1ed1 \u0111\u1ecbnh M\u1ee9c l\u01b0\u01a1ng: th\u1ecfa thu\u1eadn Gi\u1edbi t\u00ednh: Nam\/N\u1eef \u0110\u1ecba \u0111i\u1ec3m l\u00e0m vi\u1ec7c: t\u00f2a nh\u00e0\" \/>\n<meta name=\"robots\" content=\"index, follow, max-snippet:-1, max-image-preview:large, max-video-preview:-1\" \/>\n<link rel=\"canonical\" href=\"https:\/\/klvina.com\/en\/tuyen-dung.html\" \/>\n<meta property=\"og:locale\" content=\"ko_KR\" \/>\n<meta property=\"og:type\" content=\"article\" \/>\n<meta property=\"og:title\" content=\"[:vi]Tuy\u1ec3n d\u1ee5ng[:en]Recruit[:ko]Tuy[:] - Klvina\" \/>\n<meta property=\"og:description\" content=\"Ch\u1ee9c danh chuy\u00ean m\u00f4n: Nh\u00e2n vi\u00ean mua h\u00e0ng H\u00ecnh th\u1ee9c l\u00e0m vi\u1ec7c: to\u00e0n th\u1eddi gian c\u1ed1 \u0111\u1ecbnh M\u1ee9c l\u01b0\u01a1ng: th\u1ecfa thu\u1eadn Gi\u1edbi t\u00ednh: Nam\/N\u1eef \u0110\u1ecba \u0111i\u1ec3m l\u00e0m vi\u1ec7c: t\u00f2a nh\u00e0\" \/>\n<meta property=\"og:url\" content=\"https:\/\/klvina.com\/en\/tuyen-dung.html\" \/>\n<meta property=\"og:site_name\" content=\"Klvina\" \/>\n<meta property=\"article:publisher\" content=\"https:\/\/www.facebook.com\/baoholaodonghanquoc\/\" \/>\n<meta property=\"article:modified_time\" content=\"2021-05-07T07:38:19+00:00\" \/>\n<meta property=\"og:image\" content=\"https:\/\/klvina.com\/wp-content\/uploads\/2016\/11\/tuyendung1.jpg\" \/>\n<meta name=\"twitter:card\" content=\"summary_large_image\" \/>\n<meta name=\"twitter:label1\" content=\"Est. reading time\" \/>\n\t<meta name=\"twitter:data1\" content=\"2\ubd84\" \/>\n<script type=\"application\/ld+json\" class=\"yoast-schema-graph\">{\"@context\":\"https:\/\/schema.org\",\"@graph\":[{\"@type\":\"WebPage\",\"@id\":\"https:\/\/klvina.com\/en\/tuyen-dung.html\",\"url\":\"https:\/\/klvina.com\/en\/tuyen-dung.html\",\"name\":\"[:vi]Tuy\u1ec3n d\u1ee5ng[:en]Recruit[:ko]Tuy[:] - Klvina\",\"isPartOf\":{\"@id\":\"https:\/\/klvina.com\/ko\/#website\"},\"datePublished\":\"2016-11-28T06:50:12+00:00\",\"dateModified\":\"2021-05-07T07:38:19+00:00\",\"description\":\"Ch\u1ee9c danh chuy\u00ean m\u00f4n: Nh\u00e2n vi\u00ean mua h\u00e0ng H\u00ecnh th\u1ee9c l\u00e0m vi\u1ec7c: to\u00e0n th\u1eddi gian c\u1ed1 \u0111\u1ecbnh M\u1ee9c l\u01b0\u01a1ng: th\u1ecfa thu\u1eadn Gi\u1edbi t\u00ednh: Nam\/N\u1eef \u0110\u1ecba \u0111i\u1ec3m l\u00e0m vi\u1ec7c: t\u00f2a nh\u00e0\",\"breadcrumb\":{\"@id\":\"https:\/\/klvina.com\/en\/tuyen-dung.html#breadcrumb\"},\"inLanguage\":\"ko-KR\",\"potentialAction\":[{\"@type\":\"ReadAction\",\"target\":[\"https:\/\/klvina.com\/en\/tuyen-dung.html\"]}]},{\"@type\":\"BreadcrumbList\",\"@id\":\"https:\/\/klvina.com\/en\/tuyen-dung.html#breadcrumb\",\"itemListElement\":[{\"@type\":\"ListItem\",\"position\":1,\"name\":\"Trang ch\u1ee7\",\"item\":\"https:\/\/klvina.com\/\"},{\"@type\":\"ListItem\",\"position\":2,\"name\":\"Recruit\"}]},{\"@type\":\"WebSite\",\"@id\":\"https:\/\/klvina.com\/ko\/#website\",\"url\":\"https:\/\/klvina.com\/ko\/\",\"name\":\"Klvina\",\"description\":\"C\u00d4NG TY TNHH TH\u01af\u01a0NG M\u1ea0I K&amp;L VI\u1ec6T NAM\",\"publisher\":{\"@id\":\"https:\/\/klvina.com\/ko\/#organization\"},\"potentialAction\":[{\"@type\":\"SearchAction\",\"target\":{\"@type\":\"EntryPoint\",\"urlTemplate\":\"https:\/\/klvina.com\/ko\/?s={search_term_string}\"},\"query-input\":\"required name=search_term_string\"}],\"inLanguage\":\"ko-KR\"},{\"@type\":\"Organization\",\"@id\":\"https:\/\/klvina.com\/ko\/#organization\",\"name\":\"Klvina\",\"url\":\"https:\/\/klvina.com\/ko\/\",\"logo\":{\"@type\":\"ImageObject\",\"inLanguage\":\"ko-KR\",\"@id\":\"https:\/\/klvina.com\/ko\/#\/schema\/logo\/image\/\",\"url\":\"https:\/\/klvina.com\/wp-content\/uploads\/2022\/10\/logo-1.png\",\"contentUrl\":\"https:\/\/klvina.com\/wp-content\/uploads\/2022\/10\/logo-1.png\",\"width\":536,\"height\":407,\"caption\":\"Klvina\"},\"image\":{\"@id\":\"https:\/\/klvina.com\/ko\/#\/schema\/logo\/image\/\"},\"sameAs\":[\"https:\/\/www.facebook.com\/baoholaodonghanquoc\/\"]}]}<\/script>\n<!-- \/ Yoast SEO plugin. -->","yoast_head_json":{"title":"[:vi]Tuy\u1ec3n d\u1ee5ng[:en]Recruit[:ko]Tuy[:] - Klvina","description":"Ch\u1ee9c danh chuy\u00ean m\u00f4n: Nh\u00e2n vi\u00ean mua h\u00e0ng H\u00ecnh th\u1ee9c l\u00e0m vi\u1ec7c: to\u00e0n th\u1eddi gian c\u1ed1 \u0111\u1ecbnh M\u1ee9c l\u01b0\u01a1ng: th\u1ecfa thu\u1eadn Gi\u1edbi t\u00ednh: Nam\/N\u1eef \u0110\u1ecba \u0111i\u1ec3m l\u00e0m vi\u1ec7c: t\u00f2a nh\u00e0","robots":{"index":"index","follow":"follow","max-snippet":"max-snippet:-1","max-image-preview":"max-image-preview:large","max-video-preview":"max-video-preview:-1"},"canonical":"https:\/\/klvina.com\/en\/tuyen-dung.html","og_locale":"ko_KR","og_type":"article","og_title":"[:vi]Tuy\u1ec3n d\u1ee5ng[:en]Recruit[:ko]Tuy[:] - Klvina","og_description":"Ch\u1ee9c danh chuy\u00ean m\u00f4n: Nh\u00e2n vi\u00ean mua h\u00e0ng H\u00ecnh th\u1ee9c l\u00e0m vi\u1ec7c: to\u00e0n th\u1eddi gian c\u1ed1 \u0111\u1ecbnh M\u1ee9c l\u01b0\u01a1ng: th\u1ecfa thu\u1eadn Gi\u1edbi t\u00ednh: Nam\/N\u1eef \u0110\u1ecba \u0111i\u1ec3m l\u00e0m vi\u1ec7c: t\u00f2a nh\u00e0","og_url":"https:\/\/klvina.com\/en\/tuyen-dung.html","og_site_name":"Klvina","article_publisher":"https:\/\/www.facebook.com\/baoholaodonghanquoc\/","article_modified_time":"2021-05-07T07:38:19+00:00","og_image":[{"url":"https:\/\/klvina.com\/wp-content\/uploads\/2016\/11\/tuyendung1.jpg"}],"twitter_card":"summary_large_image","twitter_misc":{"Est. reading time":"2\ubd84"},"schema":{"@context":"https:\/\/schema.org","@graph":[{"@type":"WebPage","@id":"https:\/\/klvina.com\/en\/tuyen-dung.html","url":"https:\/\/klvina.com\/en\/tuyen-dung.html","name":"[:vi]Tuy\u1ec3n d\u1ee5ng[:en]Recruit[:ko]Tuy[:] - Klvina","isPartOf":{"@id":"https:\/\/klvina.com\/ko\/#website"},"datePublished":"2016-11-28T06:50:12+00:00","dateModified":"2021-05-07T07:38:19+00:00","description":"Ch\u1ee9c danh chuy\u00ean m\u00f4n: Nh\u00e2n vi\u00ean mua h\u00e0ng H\u00ecnh th\u1ee9c l\u00e0m vi\u1ec7c: to\u00e0n th\u1eddi gian c\u1ed1 \u0111\u1ecbnh M\u1ee9c l\u01b0\u01a1ng: th\u1ecfa thu\u1eadn Gi\u1edbi t\u00ednh: Nam\/N\u1eef \u0110\u1ecba \u0111i\u1ec3m l\u00e0m vi\u1ec7c: t\u00f2a nh\u00e0","breadcrumb":{"@id":"https:\/\/klvina.com\/en\/tuyen-dung.html#breadcrumb"},"inLanguage":"ko-KR","potentialAction":[{"@type":"ReadAction","target":["https:\/\/klvina.com\/en\/tuyen-dung.html"]}]},{"@type":"BreadcrumbList","@id":"https:\/\/klvina.com\/en\/tuyen-dung.html#breadcrumb","itemListElement":[{"@type":"ListItem","position":1,"name":"Trang ch\u1ee7","item":"https:\/\/klvina.com\/"},{"@type":"ListItem","position":2,"name":"Recruit"}]},{"@type":"WebSite","@id":"https:\/\/klvina.com\/ko\/#website","url":"https:\/\/klvina.com\/ko\/","name":"Klvina","description":"C\u00d4NG TY TNHH TH\u01af\u01a0NG M\u1ea0I K&amp;L VI\u1ec6T NAM","publisher":{"@id":"https:\/\/klvina.com\/ko\/#organization"},"potentialAction":[{"@type":"SearchAction","target":{"@type":"EntryPoint","urlTemplate":"https:\/\/klvina.com\/ko\/?s={search_term_string}"},"query-input":"required name=search_term_string"}],"inLanguage":"ko-KR"},{"@type":"Organization","@id":"https:\/\/klvina.com\/ko\/#organization","name":"Klvina","url":"https:\/\/klvina.com\/ko\/","logo":{"@type":"ImageObject","inLanguage":"ko-KR","@id":"https:\/\/klvina.com\/ko\/#\/schema\/logo\/image\/","url":"https:\/\/klvina.com\/wp-content\/uploads\/2022\/10\/logo-1.png","contentUrl":"https:\/\/klvina.com\/wp-content\/uploads\/2022\/10\/logo-1.png","width":536,"height":407,"caption":"Klvina"},"image":{"@id":"https:\/\/klvina.com\/ko\/#\/schema\/logo\/image\/"},"sameAs":["https:\/\/www.facebook.com\/baoholaodonghanquoc\/"]}]}},"_links":{"self":[{"href":"https:\/\/klvina.com\/ko\/wp-json\/wp\/v2\/pages\/4013"}],"collection":[{"href":"https:\/\/klvina.com\/ko\/wp-json\/wp\/v2\/pages"}],"about":[{"href":"https:\/\/klvina.com\/ko\/wp-json\/wp\/v2\/types\/page"}],"author":[{"embeddable":true,"href":"https:\/\/klvina.com\/ko\/wp-json\/wp\/v2\/users\/1"}],"replies":[{"embeddable":true,"href":"https:\/\/klvina.com\/ko\/wp-json\/wp\/v2\/comments?post=4013"}],"version-history":[{"count":1,"href":"https:\/\/klvina.com\/ko\/wp-json\/wp\/v2\/pages\/4013\/revisions"}],"predecessor-version":[{"id":8096,"href":"https:\/\/klvina.com\/ko\/wp-json\/wp\/v2\/pages\/4013\/revisions\/8096"}],"wp:attachment":[{"href":"https:\/\/klvina.com\/ko\/wp-json\/wp\/v2\/media?parent=4013"}],"curies":[{"name":"wp","href":"https:\/\/api.w.org\/{rel}","templated":true}]}}