{"id":3879,"date":"2016-11-10T03:13:32","date_gmt":"2016-11-10T03:13:32","guid":{"rendered":"http:\/\/klvina.com\/?page_id=3879"},"modified":"2016-11-10T03:13:32","modified_gmt":"2016-11-10T03:13:32","slug":"chinh-sach-doi-tra-hang","status":"publish","type":"page","link":"https:\/\/klvina.com\/ko\/chinh-sach-doi-tra-hang.html","title":{"rendered":"(Ti\u1ebfng Vi\u1ec7t) Ch\u00ednh s\u00e1ch \u0111\u1ed5i tr\u1ea3 h\u00e0ng"},"content":{"rendered":"<p class=\"qtranxs-available-languages-message qtranxs-available-languages-message-ko\">R\u1ea5t ti\u1ebfc, m\u1ee5c n\u00e0y ch\u1ec9 t\u1ed3n t\u1ea1i \u1edf <a href=\"https:\/\/klvina.com\/vi\/wp-json\/wp\/v2\/pages\/3879\" class=\"qtranxs-available-language-link qtranxs-available-language-link-vi\" title=\"Ti\u1ebfng Vi\u1ec7t\">\ubca0\ud2b8\ub0a8\uc5b4<\/a>.<\/p>","protected":false},"excerpt":{"rendered":"<p>R\u1ea5t ti\u1ebfc, m\u1ee5c n\u00e0y ch\u1ec9 t\u1ed3n t\u1ea1i \u1edf \ubca0\ud2b8\ub0a8\uc5b4.<\/p>\n","protected":false},"author":1,"featured_media":0,"parent":0,"menu_order":0,"comment_status":"closed","ping_status":"closed","template":"","meta":[],"yoast_head":"<!-- This site is optimized with the Yoast SEO plugin v19.10 - https:\/\/yoast.com\/wordpress\/plugins\/seo\/ -->\n<title><\/title>\n<meta name=\"description\" content=\"CH\u00cdNH S\u00c1CH \u0110\u1ed4I TR\u1ea2 H\u00c0NG K\u1ec3 t\u1eeb th\u1eddi gian nh\u1eadn h\u00e0ng s\u1ea3n ph\u1ea9m l\u1ed7i c\u1ee7a nh\u00e0 s\u1ea3n xu\u1ea5t th\u00ec \u00e1p d\u00f9ng m\u1ed9t trong c\u00e1c h\u00ecnh th\u1ee9c \u0111\u1ed5i tr\u1ea3 h\u00e0ng nh\u01b0 sau: + \u0110\u1ed5i m\u1edbi ho\u1eb7c\" \/>\n<meta name=\"robots\" content=\"index, follow, max-snippet:-1, max-image-preview:large, max-video-preview:-1\" \/>\n<link rel=\"canonical\" href=\"https:\/\/klvina.com\/chinh-sach-doi-tra-hang.html\" \/>\n<meta property=\"og:locale\" content=\"ko_KR\" \/>\n<meta property=\"og:type\" content=\"article\" \/>\n<meta property=\"og:title\" content=\"[:vi]Ch\u00ednh s\u00e1ch \u0111\u1ed5i tr\u1ea3 h\u00e0ng[:] - Klvina\" \/>\n<meta property=\"og:description\" content=\"CH\u00cdNH S\u00c1CH \u0110\u1ed4I TR\u1ea2 H\u00c0NG K\u1ec3 t\u1eeb th\u1eddi gian nh\u1eadn h\u00e0ng s\u1ea3n ph\u1ea9m l\u1ed7i c\u1ee7a nh\u00e0 s\u1ea3n xu\u1ea5t th\u00ec \u00e1p d\u00f9ng m\u1ed9t trong c\u00e1c h\u00ecnh th\u1ee9c \u0111\u1ed5i tr\u1ea3 h\u00e0ng nh\u01b0 sau: + \u0110\u1ed5i m\u1edbi ho\u1eb7c\" \/>\n<meta property=\"og:url\" content=\"https:\/\/klvina.com\/chinh-sach-doi-tra-hang.html\" \/>\n<meta property=\"og:site_name\" content=\"Klvina\" \/>\n<meta property=\"article:publisher\" content=\"https:\/\/www.facebook.com\/baoholaodonghanquoc\/\" \/>\n<meta property=\"og:image\" content=\"https:\/\/klvina.com\/wp-content\/uploads\/2022\/11\/logo-1-1.png\" \/>\n\t<meta property=\"og:image:width\" content=\"840\" \/>\n\t<meta property=\"og:image:height\" content=\"599\" \/>\n\t<meta property=\"og:image:type\" content=\"image\/png\" \/>\n<meta name=\"twitter:card\" content=\"summary_large_image\" \/>\n<meta name=\"twitter:label1\" content=\"Est. reading time\" \/>\n\t<meta name=\"twitter:data1\" content=\"1\ubd84\" \/>\n<script type=\"application\/ld+json\" class=\"yoast-schema-graph\">{\"@context\":\"https:\/\/schema.org\",\"@graph\":[{\"@type\":\"WebPage\",\"@id\":\"https:\/\/klvina.com\/chinh-sach-doi-tra-hang.html\",\"url\":\"https:\/\/klvina.com\/chinh-sach-doi-tra-hang.html\",\"name\":\"[:vi]Ch\u00ednh s\u00e1ch \u0111\u1ed5i tr\u1ea3 h\u00e0ng[:] - Klvina\",\"isPartOf\":{\"@id\":\"https:\/\/klvina.com\/ko\/#website\"},\"datePublished\":\"2016-11-10T03:13:32+00:00\",\"dateModified\":\"2016-11-10T03:13:32+00:00\",\"description\":\"CH\u00cdNH S\u00c1CH \u0110\u1ed4I TR\u1ea2 H\u00c0NG K\u1ec3 t\u1eeb th\u1eddi gian nh\u1eadn h\u00e0ng s\u1ea3n ph\u1ea9m l\u1ed7i c\u1ee7a nh\u00e0 s\u1ea3n xu\u1ea5t th\u00ec \u00e1p d\u00f9ng m\u1ed9t trong c\u00e1c h\u00ecnh th\u1ee9c \u0111\u1ed5i tr\u1ea3 h\u00e0ng nh\u01b0 sau: + \u0110\u1ed5i m\u1edbi ho\u1eb7c\",\"breadcrumb\":{\"@id\":\"https:\/\/klvina.com\/chinh-sach-doi-tra-hang.html#breadcrumb\"},\"inLanguage\":\"ko-KR\",\"potentialAction\":[{\"@type\":\"ReadAction\",\"target\":[\"https:\/\/klvina.com\/chinh-sach-doi-tra-hang.html\"]}]},{\"@type\":\"BreadcrumbList\",\"@id\":\"https:\/\/klvina.com\/chinh-sach-doi-tra-hang.html#breadcrumb\",\"itemListElement\":[{\"@type\":\"ListItem\",\"position\":1,\"name\":\"Trang ch\u1ee7\",\"item\":\"https:\/\/klvina.com\/\"},{\"@type\":\"ListItem\",\"position\":2,\"name\":\"Ch\u00ednh s\u00e1ch \u0111\u1ed5i tr\u1ea3 h\u00e0ng\"}]},{\"@type\":\"WebSite\",\"@id\":\"https:\/\/klvina.com\/ko\/#website\",\"url\":\"https:\/\/klvina.com\/ko\/\",\"name\":\"Klvina\",\"description\":\"C\u00d4NG TY TNHH TH\u01af\u01a0NG M\u1ea0I K&amp;L VI\u1ec6T NAM\",\"publisher\":{\"@id\":\"https:\/\/klvina.com\/ko\/#organization\"},\"potentialAction\":[{\"@type\":\"SearchAction\",\"target\":{\"@type\":\"EntryPoint\",\"urlTemplate\":\"https:\/\/klvina.com\/ko\/?s={search_term_string}\"},\"query-input\":\"required name=search_term_string\"}],\"inLanguage\":\"ko-KR\"},{\"@type\":\"Organization\",\"@id\":\"https:\/\/klvina.com\/ko\/#organization\",\"name\":\"Klvina\",\"url\":\"https:\/\/klvina.com\/ko\/\",\"logo\":{\"@type\":\"ImageObject\",\"inLanguage\":\"ko-KR\",\"@id\":\"https:\/\/klvina.com\/ko\/#\/schema\/logo\/image\/\",\"url\":\"https:\/\/klvina.com\/wp-content\/uploads\/2022\/10\/logo-1.png\",\"contentUrl\":\"https:\/\/klvina.com\/wp-content\/uploads\/2022\/10\/logo-1.png\",\"width\":536,\"height\":407,\"caption\":\"Klvina\"},\"image\":{\"@id\":\"https:\/\/klvina.com\/ko\/#\/schema\/logo\/image\/\"},\"sameAs\":[\"https:\/\/www.facebook.com\/baoholaodonghanquoc\/\"]}]}<\/script>\n<!-- \/ Yoast SEO plugin. -->","yoast_head_json":{"title":"[:vi]Ch\u00ednh s\u00e1ch \u0111\u1ed5i tr\u1ea3 h\u00e0ng[:] - Klvina","description":"CH\u00cdNH S\u00c1CH \u0110\u1ed4I TR\u1ea2 H\u00c0NG K\u1ec3 t\u1eeb th\u1eddi gian nh\u1eadn h\u00e0ng s\u1ea3n ph\u1ea9m l\u1ed7i c\u1ee7a nh\u00e0 s\u1ea3n xu\u1ea5t th\u00ec \u00e1p d\u00f9ng m\u1ed9t trong c\u00e1c h\u00ecnh th\u1ee9c \u0111\u1ed5i tr\u1ea3 h\u00e0ng nh\u01b0 sau: + \u0110\u1ed5i m\u1edbi ho\u1eb7c","robots":{"index":"index","follow":"follow","max-snippet":"max-snippet:-1","max-image-preview":"max-image-preview:large","max-video-preview":"max-video-preview:-1"},"canonical":"https:\/\/klvina.com\/chinh-sach-doi-tra-hang.html","og_locale":"ko_KR","og_type":"article","og_title":"[:vi]Ch\u00ednh s\u00e1ch \u0111\u1ed5i tr\u1ea3 h\u00e0ng[:] - Klvina","og_description":"CH\u00cdNH S\u00c1CH \u0110\u1ed4I TR\u1ea2 H\u00c0NG K\u1ec3 t\u1eeb th\u1eddi gian nh\u1eadn h\u00e0ng s\u1ea3n ph\u1ea9m l\u1ed7i c\u1ee7a nh\u00e0 s\u1ea3n xu\u1ea5t th\u00ec \u00e1p d\u00f9ng m\u1ed9t trong c\u00e1c h\u00ecnh th\u1ee9c \u0111\u1ed5i tr\u1ea3 h\u00e0ng nh\u01b0 sau: + \u0110\u1ed5i m\u1edbi ho\u1eb7c","og_url":"https:\/\/klvina.com\/chinh-sach-doi-tra-hang.html","og_site_name":"Klvina","article_publisher":"https:\/\/www.facebook.com\/baoholaodonghanquoc\/","og_image":[{"width":840,"height":599,"url":"https:\/\/klvina.com\/wp-content\/uploads\/2022\/11\/logo-1-1.png","type":"image\/png"}],"twitter_card":"summary_large_image","twitter_misc":{"Est. reading time":"1\ubd84"},"schema":{"@context":"https:\/\/schema.org","@graph":[{"@type":"WebPage","@id":"https:\/\/klvina.com\/chinh-sach-doi-tra-hang.html","url":"https:\/\/klvina.com\/chinh-sach-doi-tra-hang.html","name":"[:vi]Ch\u00ednh s\u00e1ch \u0111\u1ed5i tr\u1ea3 h\u00e0ng[:] - Klvina","isPartOf":{"@id":"https:\/\/klvina.com\/ko\/#website"},"datePublished":"2016-11-10T03:13:32+00:00","dateModified":"2016-11-10T03:13:32+00:00","description":"CH\u00cdNH S\u00c1CH \u0110\u1ed4I TR\u1ea2 H\u00c0NG K\u1ec3 t\u1eeb th\u1eddi gian nh\u1eadn h\u00e0ng s\u1ea3n ph\u1ea9m l\u1ed7i c\u1ee7a nh\u00e0 s\u1ea3n xu\u1ea5t th\u00ec \u00e1p d\u00f9ng m\u1ed9t trong c\u00e1c h\u00ecnh th\u1ee9c \u0111\u1ed5i tr\u1ea3 h\u00e0ng nh\u01b0 sau: + \u0110\u1ed5i m\u1edbi ho\u1eb7c","breadcrumb":{"@id":"https:\/\/klvina.com\/chinh-sach-doi-tra-hang.html#breadcrumb"},"inLanguage":"ko-KR","potentialAction":[{"@type":"ReadAction","target":["https:\/\/klvina.com\/chinh-sach-doi-tra-hang.html"]}]},{"@type":"BreadcrumbList","@id":"https:\/\/klvina.com\/chinh-sach-doi-tra-hang.html#breadcrumb","itemListElement":[{"@type":"ListItem","position":1,"name":"Trang ch\u1ee7","item":"https:\/\/klvina.com\/"},{"@type":"ListItem","position":2,"name":"Ch\u00ednh s\u00e1ch \u0111\u1ed5i tr\u1ea3 h\u00e0ng"}]},{"@type":"WebSite","@id":"https:\/\/klvina.com\/ko\/#website","url":"https:\/\/klvina.com\/ko\/","name":"Klvina","description":"C\u00d4NG TY TNHH TH\u01af\u01a0NG M\u1ea0I K&amp;L VI\u1ec6T NAM","publisher":{"@id":"https:\/\/klvina.com\/ko\/#organization"},"potentialAction":[{"@type":"SearchAction","target":{"@type":"EntryPoint","urlTemplate":"https:\/\/klvina.com\/ko\/?s={search_term_string}"},"query-input":"required name=search_term_string"}],"inLanguage":"ko-KR"},{"@type":"Organization","@id":"https:\/\/klvina.com\/ko\/#organization","name":"Klvina","url":"https:\/\/klvina.com\/ko\/","logo":{"@type":"ImageObject","inLanguage":"ko-KR","@id":"https:\/\/klvina.com\/ko\/#\/schema\/logo\/image\/","url":"https:\/\/klvina.com\/wp-content\/uploads\/2022\/10\/logo-1.png","contentUrl":"https:\/\/klvina.com\/wp-content\/uploads\/2022\/10\/logo-1.png","width":536,"height":407,"caption":"Klvina"},"image":{"@id":"https:\/\/klvina.com\/ko\/#\/schema\/logo\/image\/"},"sameAs":["https:\/\/www.facebook.com\/baoholaodonghanquoc\/"]}]}},"_links":{"self":[{"href":"https:\/\/klvina.com\/ko\/wp-json\/wp\/v2\/pages\/3879"}],"collection":[{"href":"https:\/\/klvina.com\/ko\/wp-json\/wp\/v2\/pages"}],"about":[{"href":"https:\/\/klvina.com\/ko\/wp-json\/wp\/v2\/types\/page"}],"author":[{"embeddable":true,"href":"https:\/\/klvina.com\/ko\/wp-json\/wp\/v2\/users\/1"}],"replies":[{"embeddable":true,"href":"https:\/\/klvina.com\/ko\/wp-json\/wp\/v2\/comments?post=3879"}],"version-history":[{"count":0,"href":"https:\/\/klvina.com\/ko\/wp-json\/wp\/v2\/pages\/3879\/revisions"}],"wp:attachment":[{"href":"https:\/\/klvina.com\/ko\/wp-json\/wp\/v2\/media?parent=3879"}],"curies":[{"name":"wp","href":"https:\/\/api.w.org\/{rel}","templated":true}]}}