{"id":8,"date":"2016-06-08T14:08:41","date_gmt":"2016-06-08T14:08:41","guid":{"rendered":"http:\/\/127.1.1.1\/projects\/klvina\/?page_id=8"},"modified":"2025-07-30T13:19:52","modified_gmt":"2025-07-30T06:19:52","slug":"about","status":"publish","type":"page","link":"https:\/\/klvina.com\/en\/about.html","title":{"rendered":"About Us"},"content":{"rendered":"<p><\/p>\n<div>Tr\u1ea3i qua h\u01a1n 1 n\u0103m h\u00ecnh th\u00e0nh v\u00e0 ph\u00e1t tri\u1ec3n <strong>c\u00f4ng ty TNHH Th\u01b0\u01a1ng m\u1ea1i K&amp;L Vi\u1ec7t Nam<\/strong>. M\u1eb7c d\u00f9 v\u1eabn c\u00f2n non tr\u1ebb\u00a0nh\u01b0ng\u00a0\u0111\u00e3 c\u00f3\u00a0nh\u1eefng b\u01b0\u1edbc ph\u00e1t tri\u1ec3n kh\u00f4ng ng\u1eebng trong vi\u1ec7c thi c\u00f4ng, l\u1eafp \u0111\u1eb7t ,cung c\u1ea5p thi\u1ebft b\u1ecb an to\u00e0n , b\u1ea3o h\u1ed9 lao\u00a0\u0111\u1ed9ng cho\u00a0c\u00e1c c\u00f4ng tr\u00ecnh\u00a0c\u00f3 gi\u00e1 tr\u1ecb l\u1edbn nh\u01b0: Lotte , Samsung , Posco, Hyundai&#8230;.<\/div>\n<div><\/div>\n<div><\/div>\n<div><\/div>\n<div><\/div>\n<div>\n<p><strong>C\u00f4ng ty TNHH th\u01b0\u01a1ng m\u1ea1i K&amp;L Vi\u1ec7t Nam<\/strong> \u0111\u01b0\u1ee3c th\u00e0nh l\u1eadp theo quy\u1ebft \u0111\u1ecbnh s\u1ed1 0106141138 do s\u1edf k\u1ebf ho\u1ea1ch v\u00e0 \u0111\u1ea7u\u00a0t\u01b0 th\u00e0nh\u00a0ph\u1ed1 H\u00e0 N\u1ed9i c\u1ea5p ng\u00e0y 04\/04\/2013 v\u1edbi ch\u1ee9c n\u0103ng:<\/p>\n<\/div>\n<div><\/div>\n<ul>\n<li>\u00a0Ho\u00e0n Thi\u1ec7n c\u00f4ng tr\u00ecnh x\u00e2y d\u1ef1ng.<\/li>\n<li>\u00a0D\u1ecbch v\u1ee5 h\u1ec7 th\u1ed1ng \u0111\u1ea3m b\u1ea3o an to\u00e0n<\/li>\n<li>\u00a0S\u1ea3n xu\u1ea5t, mua b\u00e1n, gia c\u00f4ng thi\u1ebft b\u1ecb an to\u00e0n.<\/li>\n<li>\u00a0X\u00e2y d\u1ef1ng c\u00e1c c\u00f4ng tr\u00ecnh \u0111\u01b0\u1eddng s\u1eaft v\u00e0 \u0111\u01b0\u1eddng b\u1ed9.<\/li>\n<li>\u00a0L\u1eafp \u0111\u1eb7t h\u1ec7 th\u1ed1ng c\u1ea5p tho\u00e1t n\u01b0\u1edbc<\/li>\n<li>Bu\u00f4n b\u00e1n m\u00e1y m\u00f3c thi\u1ebft b\u1ecb PCCN v\u00e0 \u0111\u1ed3 b\u1ea3o h\u1ed9 lao \u0111\u1ed9ng<\/li>\n<li>Bu\u00f4n b\u00e1n v\u1eadt li\u1ec7u, thi\u1ebft b\u1ecb l\u1eafp \u0111\u1eb7t kh\u00e1c trong x\u00e2y d\u1ef1ng<\/li>\n<li>Kinh doanh thi\u1ebft b\u1ecb , d\u1ee5ng c\u1ee5 y t\u1ebf;<\/li>\n<li>D\u1ecbch v\u1ee5 ti\u1ebfp th\u1ecb v\u00e0 truy\u1ec1n th\u00f4ng qu\u1ea3ng c\u00e1o;<\/li>\n<li>D\u1ecbch v\u1ee5 h\u1ed7 tr\u1ee3 t\u1ed5ng h\u1ee3p ;<\/li>\n<\/ul>\n<div><\/div>\n<div><\/div>\n<div><\/div>\n<div>\n<p>V\u1edbi \u0111\u1ed9i ng\u0169 c\u00e1n b\u1ed9 c\u00f4ng nh\u00e2n vi\u00ean tr\u1ebb, \u0111\u1ea7y s\u00e1ng t\u1ea1o v\u00e0 n\u0103ng \u0111\u1ed9ng. C\u00f9ng s\u1ef1 g\u00f3p s\u1ee9c c\u1ee7a c\u00e1c l\u00e3nh \u0111\u1ea1o ng\u01b0\u1eddi n\u01b0\u1edbc\u00a0ngo\u00e0i\u00a0d\u00e0y d\u1eb7n kinh nghi\u1ec7m v\u1ec1 kinh doanh ,cung c\u1ea5p trang thi\u1ebft b\u1ecb an to\u00e0n cho c\u00e1c c\u00f4ng tr\u00ecnh t\u1ea7m c\u1ee1 qu\u1ed1c gia. Ch\u00fang\u00a0t\u00f4i t\u1ef1 h\u00e0o khi mang \u0111\u1ebfn cho kh\u00e1ch h\u00e0ng nh\u1eefng m\u00e1y m\u00f3c thi\u1ec7t b\u1ecb an to\u00e0n, b\u1ea3o h\u1ed9 lao \u0111\u1ed9ng , thi\u1ebft b\u1ecb , d\u1ecbch v\u1ee5 PCCN\u00a0\u0111\u1ec3\u00a0\u0111\u1ea3m b\u1ea3o an to\u00e0n\u00a0cho con ng\u01b0\u1eddi v\u00e0 c\u00e1c c\u00f4ng tr\u00ecnh.<\/p>\n<\/div>\n<div><\/div>\n<div>\n<p>Song song \u0111\u00f3, ch\u00fang t\u00f4i c\u00f2n l\u00e0 nh\u00e0 thi c\u00f4ng l\u1eafp \u0111\u1eb7t h\u1ec7 th\u1ed1ng gi\u00e0n gi\u00e1o, h\u1ec7 th\u1ed1ng c\u1ea5p tho\u00e1t n\u01b0\u1edbc , h\u1ec7 th\u00f4ng \u0111i\u1ec7n\u00a0c\u00f3\u00a0ch\u1ea5t l\u01b0\u1ee3ng cao, \u0111\u00e1p \u1ee9ng c\u00e1c nhu c\u1ea7u \u0111a d\u1ea1ng c\u1ee7a kh\u00e1ch h\u00e0ng.<\/p>\n<\/div>\n<div><\/div>\n<h3><strong>S\u1ee9 m\u1ec7nh c\u1ee7a ch\u00fang t\u00f4i<\/strong><\/h3>\n<div><\/div>\n<div>\n<p>\u201c S\u1ee9 m\u1ec7nh c\u1ee7a ch\u00fang t\u00f4i l\u00e0 tr\u1edf th\u00e0nh m\u1ed9t c\u00f4ng ty kinh doanh,cung c\u1ea5p trang thi\u1ebft b\u1ecb b\u1ea3o h\u1ed9 lao \u0111\u1ed9ng , thi\u1ebft b\u1ecb an\u00a0to\u00e0n\u00a0h\u00e0ng \u0111\u1ea7u Vi\u1ec7t Nam. Ph\u1ee5c v\u1ee5 t\u1ed1t nh\u1ea5t nh\u1eefng kh\u00e1ch h\u00e0ng trong v\u00e0 ngo\u00e0i n\u01b0\u1edbc m\u00e0 c\u00f4ng ty c\u00f3 \u0111\u01b0\u1ee3c\u201d.<\/p>\n<\/div>\n<div><\/div>\n<h3><strong>Tri\u1ebft l\u00fd c\u1ee7a ch\u00fang t\u00f4i<\/strong><\/h3>\n<div><\/div>\n<div>\n<p>Kh\u00e1ch h\u00e0ng l\u00e0 gi\u00e1 tr\u1ecb c\u01a1 b\u1ea3n c\u1ee7a b\u1ea5t k\u1ef3 doanh nghi\u1ec7p n\u00e0o, l\u00e0 l\u00fd do duy nh\u1ea5t \u0111\u1ec3 doanh nghi\u1ec7p t\u1ed3n t\u1ea1i v\u00e0 ph\u00e1t tri\u1ec3n.<\/p>\n<p>Ch\u00ednh s\u00e1ch &#8220;kh\u00e1ch h\u00e0ng l\u00e0 trung t\u00e2m&#8221; ch\u1ec9 l\u1ed1i d\u1eabn \u0111\u01b0\u1eddng cho m\u1ecdi ho\u1ea1t \u0111\u1ed9ng c\u1ee7a c\u00f4ng ty.<\/p>\n<\/div>\n<div><\/div>\n<div>\n<p>Ch\u00fang t\u00f4i l\u1eafng nghe, ph\u00e2n t\u00edch v\u00e0 th\u1ea5u hi\u1ec3u nhu c\u1ea7u c\u1ee7a t\u1eebng kh\u00e1ch h\u00e0ng \u0111\u1ec3 gi\u1ea3i quy\u1ebft t\u1ed1i \u01b0u nh\u1eefng nhu c\u1ea7u \u0111\u00f3 v\u00e0\u00a0t\u1eadp trung v\u00e0o c\u00e1c ho\u1ea1t \u0111\u1ed9ng kinh doanh c\u1ed1t l\u00f5i c\u1ee7a m\u00ecnh. M\u1ed7i kh\u00e1ch h\u00e0ng l\u00e0 m\u1ed9t vi\u00ean g\u1ea1ch x\u00e2y l\u00ean gi\u00e1 tr\u1ecb c\u1ee7a c\u00f4ng\u00a0ty.<\/p>\n<\/div>\n<div><\/div>\n<h3><strong>\u0110\u1ecbnh h\u01b0\u1edbng ph\u00e1t tri\u1ec3n c\u1ee7a c\u00f4ng ty<\/strong><\/h3>\n<div><\/div>\n<div>&#8211; Gi\u1eef v\u1eefng v\u00e0 ng\u00e0y c\u00e0ng t\u0103ng t\u1ed1c \u0111\u1ed9 ph\u00e1t tri\u1ec3n tr\u00ean m\u1ecdi ch\u1ec9 ti\u00eau: doanh s\u1ed1, th\u1ecb ph\u1ea7n, nh\u00e2n l\u1ef1c, gi\u00e1 tr\u1ecb th\u01b0\u01a1ng hi\u1ec7u, s\u1ed1\u00a0l\u01b0\u1ee3ng s\u1ea3n ph\u1ea9m<\/div>\n<div><\/div>\n<div>-Ph\u00e1t huy v\u00e0 n\u00e2ng cao th\u1ebf m\u1ea1nh s\u1eb5n c\u00f3 c\u1ee7a c\u00f4ng ty v\u1ec1 qu\u1ea3n l\u00fd, s\u1ea3n xu\u1ea5t, mua b\u00e1n, gia c\u00f4ng, thi c\u00f4ng l\u1eafp \u0111\u1eb7t h\u1ec7\u00a0th\u00f4ng gi\u00e0n gi\u00e1o , d\u1ecbch v\u1ee5 PCCN , cung c\u1ea5p trang thi\u1ebft b\u1ecb an to\u00e0n ,b\u1ea3o h\u1ed9 lao \u0111\u1ed9ng,&#8230;l\u00ean m\u1ed9t t\u1ea7m cao m\u1edbi \u0111\u1ec3 \u0111\u00e1p \u1ee9ng\u00a0v\u1edbi nh\u1eefng nhu c\u1ea7u ng\u00e0y c\u00e0ng cao c\u1ee7a kh\u00e1ch h\u00e0ng c\u0169ng nh\u01b0 \u0111\u1ec3 s\u1eb5n s\u00e0ng trong vi\u1ec7c c\u00f9ng \u0111\u1ea5t n\u01b0\u1edbc h\u1ed9i nh\u1eadp WTO.<\/div>\n<div><\/div>\n<div>V\u1edbi mong mu\u1ed1n \u0111\u01b0\u1ee3c ph\u1ee5c v\u1ee5 c\u00e1c kh\u00e1ch h\u00e0ng ng\u00e0y c\u00e0ng chu \u0111\u00e1o h\u01a1n, ch\u00fang t\u00f4i lu\u00f4n s\u1eb5n s\u00e0ng ti\u1ebfp nh\u1eadn v\u00e0 bi\u1ebft \u01a1n\u00a0m\u1ecdi s\u1ef1 g\u00f3p \u00fd c\u1ee7a kh\u00e1ch h\u00e0ng.<\/div>\n<div><\/div>\n<h3><strong>M\u1ecdi th\u00f4ng tin v\u1ec1 xin li\u00ean h\u1ec7:<\/strong><\/h3>\n<div><\/div>\n<div>C\u00f4ng ty TNHH Th\u01b0\u01a1ng m\u1ea1i K&amp;L Vi\u1ec7t Nam<\/div>\n<div><\/div>\n<div>Tr\u1ee5 s\u1edf ch\u00ednh: S\u1ed1 nh\u00e0 19, T\u1ed5 17 B\u1eafc L\u00e3m, Ph\u01b0\u1eddng ph\u00fa L\u01b0\u01a1ng, Qu\u1eadn H\u00e0 \u0110\u00f4ng, TP H\u00e0 N\u1ed9i<\/div>\n<div><\/div>\n<div>VPGD :2302 Nh\u00e0 CT7G Khu \u0110TM D\u01b0\u01a1ng n\u1ed9i ,Qu\u1eadn H\u00e0 \u0110\u00f4ng, TP H\u00e0 N\u1ed9i<\/div>\n<div><\/div>\n<div>\u0110i\u1ec7n tho\u1ea1i : 04.85891126 &#8211; Fax: &#8230;&#8230;&#8230;&#8230;.. &#8211; Hotline: 0934.650.886 Ms. Th\u01b0<\/div>\n<div><\/div>\n<div>Email : Thuleekl.co@gmail.com<\/div>\n<p><\/p>","protected":false},"excerpt":{"rendered":"<p>Tr\u1ea3i qua h\u01a1n 1 n\u0103m h\u00ecnh th\u00e0nh v\u00e0 ph\u00e1t tri\u1ec3n c\u00f4ng ty TNHH Th\u01b0\u01a1ng m\u1ea1i K&amp;L Vi\u1ec7t Nam. M\u1eb7c d\u00f9 v\u1eabn c\u00f2n non tr\u1ebb\u00a0nh\u01b0ng\u00a0\u0111\u00e3 c\u00f3\u00a0nh\u1eefng b\u01b0\u1edbc ph\u00e1t tri\u1ec3n kh\u00f4ng ng\u1eebng trong vi\u1ec7c thi c\u00f4ng, l\u1eafp \u0111\u1eb7t ,cung c\u1ea5p thi\u1ebft b\u1ecb an to\u00e0n , b\u1ea3o h\u1ed9 lao\u00a0\u0111\u1ed9ng cho\u00a0c\u00e1c c\u00f4ng tr\u00ecnh\u00a0c\u00f3 gi\u00e1 tr\u1ecb l\u1edbn nh\u01b0: Lotte , [&hellip;]<\/p>\n","protected":false},"author":1,"featured_media":163,"parent":0,"menu_order":0,"comment_status":"closed","ping_status":"closed","template":"page-aboutus.php","meta":[],"yoast_head":"<!-- This site is optimized with the Yoast SEO plugin v19.10 - https:\/\/yoast.com\/wordpress\/plugins\/seo\/ -->\n<title>About Us - Klvina<\/title>\n<meta name=\"description\" content=\"Tr\u1ea3i qua 9 n\u0103m h\u00ecnh th\u00e0nh v\u00e0 ph\u00e1t tri\u1ec3n, C\u00f4ng ty TNHH Th\u01b0\u01a1ng m\u1ea1i K&amp;L Vi\u1ec7t Nam \u0111\u00e3 c\u00f3 nh\u1eefng b\u01b0\u1edbc ph\u00e1t tri\u1ec3n kh\u00f4ng ng\u1eebng trong vi\u1ec7c thi c\u00f4ng, l\u1eafp \u0111\u1eb7t\" \/>\n<meta name=\"robots\" content=\"index, follow, max-snippet:-1, max-image-preview:large, max-video-preview:-1\" \/>\n<link rel=\"canonical\" href=\"https:\/\/klvina.com\/about.html\" \/>\n<meta property=\"og:locale\" content=\"en_US\" \/>\n<meta property=\"og:type\" content=\"article\" \/>\n<meta property=\"og:title\" content=\"[:vi]Gi\u1edbi thi\u1ec7u[:en]About Us[:ko]\uc18c\uac1c[:KO]\uc18c\uac1c[:] - Klvina\" \/>\n<meta property=\"og:description\" content=\"Tr\u1ea3i qua 9 n\u0103m h\u00ecnh th\u00e0nh v\u00e0 ph\u00e1t tri\u1ec3n, C\u00f4ng ty TNHH Th\u01b0\u01a1ng m\u1ea1i K&amp;L Vi\u1ec7t Nam \u0111\u00e3 c\u00f3 nh\u1eefng b\u01b0\u1edbc ph\u00e1t tri\u1ec3n kh\u00f4ng ng\u1eebng trong vi\u1ec7c thi c\u00f4ng, l\u1eafp \u0111\u1eb7t\" \/>\n<meta property=\"og:url\" content=\"https:\/\/klvina.com\/about.html\" \/>\n<meta property=\"og:site_name\" content=\"Klvina\" \/>\n<meta property=\"article:publisher\" content=\"https:\/\/www.facebook.com\/baoholaodonghanquoc\/\" \/>\n<meta property=\"article:modified_time\" content=\"2025-07-30T06:19:52+00:00\" \/>\n<meta property=\"og:image\" content=\"https:\/\/klvina.com\/wp-content\/uploads\/2016\/06\/logo-1.png\" \/>\n\t<meta property=\"og:image:width\" content=\"536\" \/>\n\t<meta property=\"og:image:height\" content=\"407\" \/>\n\t<meta property=\"og:image:type\" content=\"image\/png\" \/>\n<meta name=\"twitter:card\" content=\"summary_large_image\" \/>\n<meta name=\"twitter:label1\" content=\"Est. reading time\" \/>\n\t<meta name=\"twitter:data1\" content=\"5 minutes\" \/>\n<script type=\"application\/ld+json\" class=\"yoast-schema-graph\">{\"@context\":\"https:\/\/schema.org\",\"@graph\":[{\"@type\":\"WebPage\",\"@id\":\"https:\/\/klvina.com\/about.html\",\"url\":\"https:\/\/klvina.com\/about.html\",\"name\":\"[:vi]Gi\u1edbi thi\u1ec7u[:en]About Us[:ko]\uc18c\uac1c[:KO]\uc18c\uac1c[:] - Klvina\",\"isPartOf\":{\"@id\":\"https:\/\/klvina.com\/ko\/#website\"},\"datePublished\":\"2016-06-08T14:08:41+00:00\",\"dateModified\":\"2025-07-30T06:19:52+00:00\",\"description\":\"Tr\u1ea3i qua 9 n\u0103m h\u00ecnh th\u00e0nh v\u00e0 ph\u00e1t tri\u1ec3n, C\u00f4ng ty TNHH Th\u01b0\u01a1ng m\u1ea1i K&amp;L Vi\u1ec7t Nam \u0111\u00e3 c\u00f3 nh\u1eefng b\u01b0\u1edbc ph\u00e1t tri\u1ec3n kh\u00f4ng ng\u1eebng trong vi\u1ec7c thi c\u00f4ng, l\u1eafp \u0111\u1eb7t\",\"breadcrumb\":{\"@id\":\"https:\/\/klvina.com\/about.html#breadcrumb\"},\"inLanguage\":\"en-US\",\"potentialAction\":[{\"@type\":\"ReadAction\",\"target\":[\"https:\/\/klvina.com\/about.html\"]}]},{\"@type\":\"BreadcrumbList\",\"@id\":\"https:\/\/klvina.com\/about.html#breadcrumb\",\"itemListElement\":[{\"@type\":\"ListItem\",\"position\":1,\"name\":\"Trang ch\u1ee7\",\"item\":\"https:\/\/klvina.com\/\"},{\"@type\":\"ListItem\",\"position\":2,\"name\":\"Gi\u1edbi thi\u1ec7u\"}]},{\"@type\":\"WebSite\",\"@id\":\"https:\/\/klvina.com\/ko\/#website\",\"url\":\"https:\/\/klvina.com\/ko\/\",\"name\":\"Klvina\",\"description\":\"C\u00d4NG TY TNHH TH\u01af\u01a0NG M\u1ea0I K&amp;L VI\u1ec6T NAM\",\"publisher\":{\"@id\":\"https:\/\/klvina.com\/ko\/#organization\"},\"potentialAction\":[{\"@type\":\"SearchAction\",\"target\":{\"@type\":\"EntryPoint\",\"urlTemplate\":\"https:\/\/klvina.com\/ko\/?s={search_term_string}\"},\"query-input\":\"required name=search_term_string\"}],\"inLanguage\":\"en-US\"},{\"@type\":\"Organization\",\"@id\":\"https:\/\/klvina.com\/ko\/#organization\",\"name\":\"Klvina\",\"url\":\"https:\/\/klvina.com\/ko\/\",\"logo\":{\"@type\":\"ImageObject\",\"inLanguage\":\"en-US\",\"@id\":\"https:\/\/klvina.com\/ko\/#\/schema\/logo\/image\/\",\"url\":\"https:\/\/klvina.com\/wp-content\/uploads\/2022\/10\/logo-1.png\",\"contentUrl\":\"https:\/\/klvina.com\/wp-content\/uploads\/2022\/10\/logo-1.png\",\"width\":536,\"height\":407,\"caption\":\"Klvina\"},\"image\":{\"@id\":\"https:\/\/klvina.com\/ko\/#\/schema\/logo\/image\/\"},\"sameAs\":[\"https:\/\/www.facebook.com\/baoholaodonghanquoc\/\"]}]}<\/script>\n<!-- \/ Yoast SEO plugin. -->","yoast_head_json":{"title":"[:vi]Gi\u1edbi thi\u1ec7u[:en]About Us[:ko]\uc18c\uac1c[:KO]\uc18c\uac1c[:] - Klvina","description":"Tr\u1ea3i qua 9 n\u0103m h\u00ecnh th\u00e0nh v\u00e0 ph\u00e1t tri\u1ec3n, C\u00f4ng ty TNHH Th\u01b0\u01a1ng m\u1ea1i K&amp;L Vi\u1ec7t Nam \u0111\u00e3 c\u00f3 nh\u1eefng b\u01b0\u1edbc ph\u00e1t tri\u1ec3n kh\u00f4ng ng\u1eebng trong vi\u1ec7c thi c\u00f4ng, l\u1eafp \u0111\u1eb7t","robots":{"index":"index","follow":"follow","max-snippet":"max-snippet:-1","max-image-preview":"max-image-preview:large","max-video-preview":"max-video-preview:-1"},"canonical":"https:\/\/klvina.com\/about.html","og_locale":"en_US","og_type":"article","og_title":"[:vi]Gi\u1edbi thi\u1ec7u[:en]About Us[:ko]\uc18c\uac1c[:KO]\uc18c\uac1c[:] - Klvina","og_description":"Tr\u1ea3i qua 9 n\u0103m h\u00ecnh th\u00e0nh v\u00e0 ph\u00e1t tri\u1ec3n, C\u00f4ng ty TNHH Th\u01b0\u01a1ng m\u1ea1i K&amp;L Vi\u1ec7t Nam \u0111\u00e3 c\u00f3 nh\u1eefng b\u01b0\u1edbc ph\u00e1t tri\u1ec3n kh\u00f4ng ng\u1eebng trong vi\u1ec7c thi c\u00f4ng, l\u1eafp \u0111\u1eb7t","og_url":"https:\/\/klvina.com\/about.html","og_site_name":"Klvina","article_publisher":"https:\/\/www.facebook.com\/baoholaodonghanquoc\/","article_modified_time":"2025-07-30T06:19:52+00:00","og_image":[{"width":536,"height":407,"url":"https:\/\/klvina.com\/wp-content\/uploads\/2016\/06\/logo-1.png","type":"image\/png"}],"twitter_card":"summary_large_image","twitter_misc":{"Est. reading time":"5 minutes"},"schema":{"@context":"https:\/\/schema.org","@graph":[{"@type":"WebPage","@id":"https:\/\/klvina.com\/about.html","url":"https:\/\/klvina.com\/about.html","name":"[:vi]Gi\u1edbi thi\u1ec7u[:en]About Us[:ko]\uc18c\uac1c[:KO]\uc18c\uac1c[:] - Klvina","isPartOf":{"@id":"https:\/\/klvina.com\/ko\/#website"},"datePublished":"2016-06-08T14:08:41+00:00","dateModified":"2025-07-30T06:19:52+00:00","description":"Tr\u1ea3i qua 9 n\u0103m h\u00ecnh th\u00e0nh v\u00e0 ph\u00e1t tri\u1ec3n, C\u00f4ng ty TNHH Th\u01b0\u01a1ng m\u1ea1i K&amp;L Vi\u1ec7t Nam \u0111\u00e3 c\u00f3 nh\u1eefng b\u01b0\u1edbc ph\u00e1t tri\u1ec3n kh\u00f4ng ng\u1eebng trong vi\u1ec7c thi c\u00f4ng, l\u1eafp \u0111\u1eb7t","breadcrumb":{"@id":"https:\/\/klvina.com\/about.html#breadcrumb"},"inLanguage":"en-US","potentialAction":[{"@type":"ReadAction","target":["https:\/\/klvina.com\/about.html"]}]},{"@type":"BreadcrumbList","@id":"https:\/\/klvina.com\/about.html#breadcrumb","itemListElement":[{"@type":"ListItem","position":1,"name":"Trang ch\u1ee7","item":"https:\/\/klvina.com\/"},{"@type":"ListItem","position":2,"name":"Gi\u1edbi thi\u1ec7u"}]},{"@type":"WebSite","@id":"https:\/\/klvina.com\/ko\/#website","url":"https:\/\/klvina.com\/ko\/","name":"Klvina","description":"C\u00d4NG TY TNHH TH\u01af\u01a0NG M\u1ea0I K&amp;L VI\u1ec6T NAM","publisher":{"@id":"https:\/\/klvina.com\/ko\/#organization"},"potentialAction":[{"@type":"SearchAction","target":{"@type":"EntryPoint","urlTemplate":"https:\/\/klvina.com\/ko\/?s={search_term_string}"},"query-input":"required name=search_term_string"}],"inLanguage":"en-US"},{"@type":"Organization","@id":"https:\/\/klvina.com\/ko\/#organization","name":"Klvina","url":"https:\/\/klvina.com\/ko\/","logo":{"@type":"ImageObject","inLanguage":"en-US","@id":"https:\/\/klvina.com\/ko\/#\/schema\/logo\/image\/","url":"https:\/\/klvina.com\/wp-content\/uploads\/2022\/10\/logo-1.png","contentUrl":"https:\/\/klvina.com\/wp-content\/uploads\/2022\/10\/logo-1.png","width":536,"height":407,"caption":"Klvina"},"image":{"@id":"https:\/\/klvina.com\/ko\/#\/schema\/logo\/image\/"},"sameAs":["https:\/\/www.facebook.com\/baoholaodonghanquoc\/"]}]}},"_links":{"self":[{"href":"https:\/\/klvina.com\/en\/wp-json\/wp\/v2\/pages\/8"}],"collection":[{"href":"https:\/\/klvina.com\/en\/wp-json\/wp\/v2\/pages"}],"about":[{"href":"https:\/\/klvina.com\/en\/wp-json\/wp\/v2\/types\/page"}],"author":[{"embeddable":true,"href":"https:\/\/klvina.com\/en\/wp-json\/wp\/v2\/users\/1"}],"replies":[{"embeddable":true,"href":"https:\/\/klvina.com\/en\/wp-json\/wp\/v2\/comments?post=8"}],"version-history":[{"count":19,"href":"https:\/\/klvina.com\/en\/wp-json\/wp\/v2\/pages\/8\/revisions"}],"predecessor-version":[{"id":10575,"href":"https:\/\/klvina.com\/en\/wp-json\/wp\/v2\/pages\/8\/revisions\/10575"}],"wp:featuredmedia":[{"embeddable":true,"href":"https:\/\/klvina.com\/en\/wp-json\/wp\/v2\/media\/163"}],"wp:attachment":[{"href":"https:\/\/klvina.com\/en\/wp-json\/wp\/v2\/media?parent=8"}],"curies":[{"name":"wp","href":"https:\/\/api.w.org\/{rel}","templated":true}]}}