{"id":5,"date":"2016-06-08T13:28:25","date_gmt":"2016-06-08T13:28:25","guid":{"rendered":"http:\/\/127.1.1.1\/projects\/klvina\/?page_id=5"},"modified":"2024-10-21T10:17:57","modified_gmt":"2024-10-21T03:17:57","slug":"trang-chu","status":"publish","type":"page","link":"https:\/\/klvina.com\/en\/","title":{"rendered":"Home"},"content":{"rendered":"<p class=\"qtranxs-available-languages-message qtranxs-available-languages-message-en\">Sorry, this entry is only available in <a href=\"https:\/\/klvina.com\/vi\/wp-json\/wp\/v2\/pages\/5\" class=\"qtranxs-available-language-link qtranxs-available-language-link-vi\" title=\"Ti\u1ebfng Vi\u1ec7t\">Vietnamese<\/a>.<\/p>","protected":false},"excerpt":{"rendered":"<p>Sorry, this entry is only available in Vietnamese.<\/p>\n","protected":false},"author":1,"featured_media":0,"parent":0,"menu_order":0,"comment_status":"open","ping_status":"open","template":"","meta":[],"yoast_head":"<!-- This site is optimized with the Yoast SEO plugin v19.10 - https:\/\/yoast.com\/wordpress\/plugins\/seo\/ -->\n<title>B\u1ea3o h\u1ed9 lao \u0111\u1ed9ng nh\u1eadp kh\u1ea9u ch\u00ednh h\u00e3ng, uy t\u00edn, gi\u00e1 r\u1ebb - Klvina<\/title>\n<meta name=\"description\" content=\"C\u00f4ng ty TNHH Th\u01b0\u01a1ng m\u1ea1i K&amp;L Vi\u1ec7t Nam chuy\u00ean nh\u1eadp kh\u1ea9u v\u00e0 ph\u00e2n ph\u1ed1i s\u1ec9, l\u1ebb thi\u1ebft b\u1ecb b\u1ea3o h\u1ed9 lao \u0111\u1ed9ng ch\u00ednh h\u00e3ng, gi\u00e1 r\u1ebb nh\u1ea5t Vi\u1ec7t Nam.\" \/>\n<meta name=\"robots\" content=\"index, follow, max-snippet:-1, max-image-preview:large, max-video-preview:-1\" \/>\n<link rel=\"canonical\" href=\"https:\/\/klvina.com\/\" \/>\n<meta property=\"og:locale\" content=\"en_US\" \/>\n<meta property=\"og:type\" content=\"article\" \/>\n<meta property=\"og:title\" content=\"https:\/\/www.facebook.com\/baoholaodonghanquoc\/?ref=pages_you_manage\" \/>\n<meta property=\"og:description\" content=\"C\u00f4ng ty TNHH Th\u01b0\u01a1ng m\u1ea1i K&amp;L Vi\u1ec7t Nam chuy\u00ean nh\u1eadp kh\u1ea9u v\u00e0 ph\u00e2n ph\u1ed1i s\u1ec9, l\u1ebb thi\u1ebft b\u1ecb b\u1ea3o h\u1ed9 lao \u0111\u1ed9ng ch\u00ednh h\u00e3ng, gi\u00e1 r\u1ebb nh\u1ea5t Vi\u1ec7t Nam.\" \/>\n<meta property=\"og:url\" content=\"https:\/\/klvina.com\/\" \/>\n<meta property=\"og:site_name\" content=\"Klvina\" \/>\n<meta property=\"article:publisher\" content=\"https:\/\/www.facebook.com\/baoholaodonghanquoc\/\" \/>\n<meta property=\"article:modified_time\" content=\"2024-10-21T03:17:57+00:00\" \/>\n<meta property=\"og:image\" content=\"https:\/\/klvina.com\/wp-content\/uploads\/2022\/11\/logo-1.png\" \/>\n\t<meta property=\"og:image:width\" content=\"536\" \/>\n\t<meta property=\"og:image:height\" content=\"407\" \/>\n\t<meta property=\"og:image:type\" content=\"image\/png\" \/>\n<meta name=\"twitter:card\" content=\"summary_large_image\" \/>\n<meta name=\"twitter:label1\" content=\"Est. reading time\" \/>\n\t<meta name=\"twitter:data1\" content=\"1 minute\" \/>\n<script type=\"application\/ld+json\" class=\"yoast-schema-graph\">{\"@context\":\"https:\/\/schema.org\",\"@graph\":[{\"@type\":\"WebPage\",\"@id\":\"https:\/\/klvina.com\/\",\"url\":\"https:\/\/klvina.com\/\",\"name\":\"B\u1ea3o h\u1ed9 lao \u0111\u1ed9ng nh\u1eadp kh\u1ea9u ch\u00ednh h\u00e3ng, uy t\u00edn, gi\u00e1 r\u1ebb - Klvina\",\"isPartOf\":{\"@id\":\"https:\/\/klvina.com\/ko\/#website\"},\"datePublished\":\"2016-06-08T13:28:25+00:00\",\"dateModified\":\"2024-10-21T03:17:57+00:00\",\"description\":\"C\u00f4ng ty TNHH Th\u01b0\u01a1ng m\u1ea1i K&L Vi\u1ec7t Nam chuy\u00ean nh\u1eadp kh\u1ea9u v\u00e0 ph\u00e2n ph\u1ed1i s\u1ec9, l\u1ebb thi\u1ebft b\u1ecb b\u1ea3o h\u1ed9 lao \u0111\u1ed9ng ch\u00ednh h\u00e3ng, gi\u00e1 r\u1ebb nh\u1ea5t Vi\u1ec7t Nam.\",\"breadcrumb\":{\"@id\":\"https:\/\/klvina.com\/#breadcrumb\"},\"inLanguage\":\"en-US\",\"potentialAction\":[{\"@type\":\"ReadAction\",\"target\":[\"https:\/\/klvina.com\/\"]}]},{\"@type\":\"BreadcrumbList\",\"@id\":\"https:\/\/klvina.com\/#breadcrumb\",\"itemListElement\":[{\"@type\":\"ListItem\",\"position\":1,\"name\":\"Trang ch\u1ee7\",\"item\":\"https:\/\/klvina.com\/\"},{\"@type\":\"ListItem\",\"position\":2,\"name\":\"Trang ch\u1ee7\"}]},{\"@type\":\"WebSite\",\"@id\":\"https:\/\/klvina.com\/ko\/#website\",\"url\":\"https:\/\/klvina.com\/ko\/\",\"name\":\"Klvina\",\"description\":\"C\u00d4NG TY TNHH TH\u01af\u01a0NG M\u1ea0I K&amp;L VI\u1ec6T NAM\",\"publisher\":{\"@id\":\"https:\/\/klvina.com\/ko\/#organization\"},\"potentialAction\":[{\"@type\":\"SearchAction\",\"target\":{\"@type\":\"EntryPoint\",\"urlTemplate\":\"https:\/\/klvina.com\/ko\/?s={search_term_string}\"},\"query-input\":\"required name=search_term_string\"}],\"inLanguage\":\"en-US\"},{\"@type\":\"Organization\",\"@id\":\"https:\/\/klvina.com\/ko\/#organization\",\"name\":\"Klvina\",\"url\":\"https:\/\/klvina.com\/ko\/\",\"logo\":{\"@type\":\"ImageObject\",\"inLanguage\":\"en-US\",\"@id\":\"https:\/\/klvina.com\/ko\/#\/schema\/logo\/image\/\",\"url\":\"https:\/\/klvina.com\/wp-content\/uploads\/2022\/10\/logo-1.png\",\"contentUrl\":\"https:\/\/klvina.com\/wp-content\/uploads\/2022\/10\/logo-1.png\",\"width\":536,\"height\":407,\"caption\":\"Klvina\"},\"image\":{\"@id\":\"https:\/\/klvina.com\/ko\/#\/schema\/logo\/image\/\"},\"sameAs\":[\"https:\/\/www.facebook.com\/baoholaodonghanquoc\/\"]}]}<\/script>\n<!-- \/ Yoast SEO plugin. -->","yoast_head_json":{"title":"B\u1ea3o h\u1ed9 lao \u0111\u1ed9ng nh\u1eadp kh\u1ea9u ch\u00ednh h\u00e3ng, uy t\u00edn, gi\u00e1 r\u1ebb - Klvina","description":"C\u00f4ng ty TNHH Th\u01b0\u01a1ng m\u1ea1i K&L Vi\u1ec7t Nam chuy\u00ean nh\u1eadp kh\u1ea9u v\u00e0 ph\u00e2n ph\u1ed1i s\u1ec9, l\u1ebb thi\u1ebft b\u1ecb b\u1ea3o h\u1ed9 lao \u0111\u1ed9ng ch\u00ednh h\u00e3ng, gi\u00e1 r\u1ebb nh\u1ea5t Vi\u1ec7t Nam.","robots":{"index":"index","follow":"follow","max-snippet":"max-snippet:-1","max-image-preview":"max-image-preview:large","max-video-preview":"max-video-preview:-1"},"canonical":"https:\/\/klvina.com\/","og_locale":"en_US","og_type":"article","og_title":"https:\/\/www.facebook.com\/baoholaodonghanquoc\/?ref=pages_you_manage","og_description":"C\u00f4ng ty TNHH Th\u01b0\u01a1ng m\u1ea1i K&L Vi\u1ec7t Nam chuy\u00ean nh\u1eadp kh\u1ea9u v\u00e0 ph\u00e2n ph\u1ed1i s\u1ec9, l\u1ebb thi\u1ebft b\u1ecb b\u1ea3o h\u1ed9 lao \u0111\u1ed9ng ch\u00ednh h\u00e3ng, gi\u00e1 r\u1ebb nh\u1ea5t Vi\u1ec7t Nam.","og_url":"https:\/\/klvina.com\/","og_site_name":"Klvina","article_publisher":"https:\/\/www.facebook.com\/baoholaodonghanquoc\/","article_modified_time":"2024-10-21T03:17:57+00:00","og_image":[{"width":536,"height":407,"url":"https:\/\/klvina.com\/wp-content\/uploads\/2022\/11\/logo-1.png","type":"image\/png"}],"twitter_card":"summary_large_image","twitter_misc":{"Est. reading time":"1 minute"},"schema":{"@context":"https:\/\/schema.org","@graph":[{"@type":"WebPage","@id":"https:\/\/klvina.com\/","url":"https:\/\/klvina.com\/","name":"B\u1ea3o h\u1ed9 lao \u0111\u1ed9ng nh\u1eadp kh\u1ea9u ch\u00ednh h\u00e3ng, uy t\u00edn, gi\u00e1 r\u1ebb - Klvina","isPartOf":{"@id":"https:\/\/klvina.com\/ko\/#website"},"datePublished":"2016-06-08T13:28:25+00:00","dateModified":"2024-10-21T03:17:57+00:00","description":"C\u00f4ng ty TNHH Th\u01b0\u01a1ng m\u1ea1i K&L Vi\u1ec7t Nam chuy\u00ean nh\u1eadp kh\u1ea9u v\u00e0 ph\u00e2n ph\u1ed1i s\u1ec9, l\u1ebb thi\u1ebft b\u1ecb b\u1ea3o h\u1ed9 lao \u0111\u1ed9ng ch\u00ednh h\u00e3ng, gi\u00e1 r\u1ebb nh\u1ea5t Vi\u1ec7t Nam.","breadcrumb":{"@id":"https:\/\/klvina.com\/#breadcrumb"},"inLanguage":"en-US","potentialAction":[{"@type":"ReadAction","target":["https:\/\/klvina.com\/"]}]},{"@type":"BreadcrumbList","@id":"https:\/\/klvina.com\/#breadcrumb","itemListElement":[{"@type":"ListItem","position":1,"name":"Trang ch\u1ee7","item":"https:\/\/klvina.com\/"},{"@type":"ListItem","position":2,"name":"Trang ch\u1ee7"}]},{"@type":"WebSite","@id":"https:\/\/klvina.com\/ko\/#website","url":"https:\/\/klvina.com\/ko\/","name":"Klvina","description":"C\u00d4NG TY TNHH TH\u01af\u01a0NG M\u1ea0I K&amp;L VI\u1ec6T NAM","publisher":{"@id":"https:\/\/klvina.com\/ko\/#organization"},"potentialAction":[{"@type":"SearchAction","target":{"@type":"EntryPoint","urlTemplate":"https:\/\/klvina.com\/ko\/?s={search_term_string}"},"query-input":"required name=search_term_string"}],"inLanguage":"en-US"},{"@type":"Organization","@id":"https:\/\/klvina.com\/ko\/#organization","name":"Klvina","url":"https:\/\/klvina.com\/ko\/","logo":{"@type":"ImageObject","inLanguage":"en-US","@id":"https:\/\/klvina.com\/ko\/#\/schema\/logo\/image\/","url":"https:\/\/klvina.com\/wp-content\/uploads\/2022\/10\/logo-1.png","contentUrl":"https:\/\/klvina.com\/wp-content\/uploads\/2022\/10\/logo-1.png","width":536,"height":407,"caption":"Klvina"},"image":{"@id":"https:\/\/klvina.com\/ko\/#\/schema\/logo\/image\/"},"sameAs":["https:\/\/www.facebook.com\/baoholaodonghanquoc\/"]}]}},"_links":{"self":[{"href":"https:\/\/klvina.com\/en\/wp-json\/wp\/v2\/pages\/5"}],"collection":[{"href":"https:\/\/klvina.com\/en\/wp-json\/wp\/v2\/pages"}],"about":[{"href":"https:\/\/klvina.com\/en\/wp-json\/wp\/v2\/types\/page"}],"author":[{"embeddable":true,"href":"https:\/\/klvina.com\/en\/wp-json\/wp\/v2\/users\/1"}],"replies":[{"embeddable":true,"href":"https:\/\/klvina.com\/en\/wp-json\/wp\/v2\/comments?post=5"}],"version-history":[{"count":51,"href":"https:\/\/klvina.com\/en\/wp-json\/wp\/v2\/pages\/5\/revisions"}],"predecessor-version":[{"id":10294,"href":"https:\/\/klvina.com\/en\/wp-json\/wp\/v2\/pages\/5\/revisions\/10294"}],"wp:attachment":[{"href":"https:\/\/klvina.com\/en\/wp-json\/wp\/v2\/media?parent=5"}],"curies":[{"name":"wp","href":"https:\/\/api.w.org\/{rel}","templated":true}]}}